{"id":144,"date":"2021-09-08T20:12:53","date_gmt":"2021-09-08T19:12:53","guid":{"rendered":"https:\/\/chantier.cepbw.org\/?page_id=144"},"modified":"2024-07-23T10:25:29","modified_gmt":"2024-07-23T09:25:29","slug":"membres","status":"publish","type":"page","link":"https:\/\/chantier.cepbw.org\/index.php\/membres\/","title":{"rendered":"Nos membres"},"content":{"rendered":"<div class=\"posts-wrapper row\"><article id=\"post-199\" class=\"post-199 post type-membre col-md-3 col-6\">\r\n\t<div class=\"\">\r\n\t\t<div class=\"content square-responsive\">\r\n\t\t\t<a href=\"https:\/\/chantier.cepbw.org\/index.php\/membre\/achact-asbl\/\" class=\"\" rel=\"bookmark\">\r\n\t\t\t<div class=\"cover-post nv-post-thumbnail-wrap\" style=\"content: url(https:\/\/chantier.cepbw.org\/wp-content\/uploads\/2021\/09\/logo_achact-1-300x300.png)\">\r\n\t\t\t\t<div class=\"inner\">\r\n\t\t\t\t\t<div class=\"excerpt-wrap entry-summary\">\r\n\t\t\t\t\t\t<p><p>achACT cherche \u00e0 faire respecter les droits fondamentaux des travailleur\u00b7euse\u00b7s de distribution de v\u00eatements. <\/p>\n<\/p>\r\n\t\t\t\t\t<\/div>\r\n\t\t\t\t<\/div>\r\n\t\t\t<\/div>\r\n\t\t\t<\/a>\r\n\t\t<\/div>\r\n\t<\/div>\r\n<\/article><article id=\"post-215\" class=\"post-215 post type-membre col-md-3 col-6\">\r\n\t<div class=\"\">\r\n\t\t<div class=\"content square-responsive\">\r\n\t\t\t<a href=\"https:\/\/chantier.cepbw.org\/index.php\/membre\/alteo-asbl\/\" class=\"\" rel=\"bookmark\">\r\n\t\t\t<div class=\"cover-post nv-post-thumbnail-wrap\" style=\"content: url(https:\/\/chantier.cepbw.org\/wp-content\/uploads\/2021\/09\/logo_alteo-300x300.png)\">\r\n\t\t\t\t<div class=\"inner\">\r\n\t\t\t\t\t<div class=\"excerpt-wrap entry-summary\">\r\n\t\t\t\t\t\t<p><p>Notre projet : une soci\u00e9t\u00e9 o\u00f9 chacun est pleinement inclus et voit ses capacit\u00e9s reconnues!<\/p>\n<\/p>\r\n\t\t\t\t\t<\/div>\r\n\t\t\t\t<\/div>\r\n\t\t\t<\/div>\r\n\t\t\t<\/a>\r\n\t\t<\/div>\r\n\t<\/div>\r\n<\/article><article id=\"post-354\" class=\"post-354 post type-membre col-md-3 col-6\">\r\n\t<div class=\"\">\r\n\t\t<div class=\"content square-responsive\">\r\n\t\t\t<a href=\"https:\/\/chantier.cepbw.org\/index.php\/membre\/centre-dinformation-et-deducation-populaire-du-moc-brabant-wallon\/\" class=\"\" rel=\"bookmark\">\r\n\t\t\t<div class=\"cover-post nv-post-thumbnail-wrap\" style=\"content: url(https:\/\/chantier.cepbw.org\/wp-content\/uploads\/2021\/10\/logo_CIEP-Bw-550x550.jpg)\">\r\n\t\t\t\t<div class=\"inner\">\r\n\t\t\t\t\t<div class=\"excerpt-wrap entry-summary\">\r\n\t\t\t\t\t\t<p><p>Le CIEP est charg\u00e9 des activit\u00e9s \u00e9ducatives et culturelles du MOC.<\/p>\n<\/p>\r\n\t\t\t\t\t<\/div>\r\n\t\t\t\t<\/div>\r\n\t\t\t<\/div>\r\n\t\t\t<\/a>\r\n\t\t<\/div>\r\n\t<\/div>\r\n<\/article><article id=\"post-347\" class=\"post-347 post type-membre col-md-3 col-6\">\r\n\t<div class=\"\">\r\n\t\t<div class=\"content square-responsive\">\r\n\t\t\t<a href=\"https:\/\/chantier.cepbw.org\/index.php\/membre\/centre-socialiste-deducation-permanente\/\" class=\"\" rel=\"bookmark\">\r\n\t\t\t<div class=\"cover-post nv-post-thumbnail-wrap\" style=\"content: url(https:\/\/chantier.cepbw.org\/wp-content\/uploads\/2021\/10\/logoCESEP_square.jpg)\">\r\n\t\t\t\t<div class=\"inner\">\r\n\t\t\t\t\t<div class=\"excerpt-wrap entry-summary\">\r\n\t\t\t\t\t\t<p><p>Voil\u00e0 maintenant plus de 40 ans que le CESEP organise des formations sur base de sa mission de d\u00e9part\u00a0: l&rsquo;exercice de la citoyennet\u00e9 et de l&rsquo;action collective ans une perspective progressiste.<\/p>\n<\/p>\r\n\t\t\t\t\t<\/div>\r\n\t\t\t\t<\/div>\r\n\t\t\t<\/div>\r\n\t\t\t<\/a>\r\n\t\t<\/div>\r\n\t<\/div>\r\n<\/article><article id=\"post-368\" class=\"post-368 post type-membre col-md-3 col-6\">\r\n\t<div class=\"\">\r\n\t\t<div class=\"content square-responsive\">\r\n\t\t\t<a href=\"https:\/\/chantier.cepbw.org\/index.php\/membre\/cepag-forabra-asbl\/\" class=\"\" rel=\"bookmark\">\r\n\t\t\t<div class=\"cover-post nv-post-thumbnail-wrap\" style=\"content: url(https:\/\/chantier.cepbw.org\/wp-content\/uploads\/2021\/10\/logo_forabra.png)\">\r\n\t\t\t\t<div class=\"inner\">\r\n\t\t\t\t\t<div class=\"excerpt-wrap entry-summary\">\r\n\t\t\t\t\t\t<p><p>Le cepag-Forabra est la r\u00e9gionale du Brabant wallon et fait partie du mouvement du CEPAG qui regroupe 9 r\u00e9gionales sur la communaut\u00e9 Wallonie Bruxelles.<\/p>\n<\/p>\r\n\t\t\t\t\t<\/div>\r\n\t\t\t\t<\/div>\r\n\t\t\t<\/div>\r\n\t\t\t<\/a>\r\n\t\t<\/div>\r\n\t<\/div>\r\n<\/article><article id=\"post-351\" class=\"post-351 post type-membre col-md-3 col-6\">\r\n\t<div class=\"\">\r\n\t\t<div class=\"content square-responsive\">\r\n\t\t\t<a href=\"https:\/\/chantier.cepbw.org\/index.php\/membre\/cetri-centre-tricontinental\/\" class=\"\" rel=\"bookmark\">\r\n\t\t\t<div class=\"cover-post nv-post-thumbnail-wrap\" style=\"content: url(https:\/\/chantier.cepbw.org\/wp-content\/uploads\/2021\/10\/logo_CETRI-550x550.jpg)\">\r\n\t\t\t\t<div class=\"inner\">\r\n\t\t\t\t\t<div class=\"excerpt-wrap entry-summary\">\r\n\t\t\t\t\t\t<p><p>Le CETRI est un centre d\u2019\u00e9tude, de publication et de formation sur le d\u00e9veloppement, les rapports Nord-Sud et les enjeux de la mondialisation en Afrique, en Asie et en Am\u00e9rique latine.<\/p>\n<\/p>\r\n\t\t\t\t\t<\/div>\r\n\t\t\t\t<\/div>\r\n\t\t\t<\/div>\r\n\t\t\t<\/a>\r\n\t\t<\/div>\r\n\t<\/div>\r\n<\/article><article id=\"post-359\" class=\"post-359 post type-membre col-md-3 col-6\">\r\n\t<div class=\"\">\r\n\t\t<div class=\"content square-responsive\">\r\n\t\t\t<a href=\"https:\/\/chantier.cepbw.org\/index.php\/membre\/collectif-des-femmes-asbl\/\" class=\"\" rel=\"bookmark\">\r\n\t\t\t<div class=\"cover-post nv-post-thumbnail-wrap\" style=\"content: url(https:\/\/chantier.cepbw.org\/wp-content\/uploads\/2021\/10\/Logo_CollectifDesFemmes-1.jpg)\">\r\n\t\t\t\t<div class=\"inner\">\r\n\t\t\t\t\t<div class=\"excerpt-wrap entry-summary\">\r\n\t\t\t\t\t\t<p><p>Le Collectif des Femmes, des migrants qui offrent leur savoir-faire \u00e0 d\u2019autre migrants. Il a \u00e9t\u00e9 cr\u00e9\u00e9 et voulu en 1979 par les personnes elles-m\u00eames.<\/p>\n<\/p>\r\n\t\t\t\t\t<\/div>\r\n\t\t\t\t<\/div>\r\n\t\t\t<\/div>\r\n\t\t\t<\/a>\r\n\t\t<\/div>\r\n\t<\/div>\r\n<\/article><article id=\"post-342\" class=\"post-342 post type-membre col-md-3 col-6\">\r\n\t<div class=\"\">\r\n\t\t<div class=\"content square-responsive\">\r\n\t\t\t<a href=\"https:\/\/chantier.cepbw.org\/index.php\/membre\/coordination-des-ecoles-de-devoirs-du-brabant-wallon-asbl\/\" class=\"\" rel=\"bookmark\">\r\n\t\t\t<div class=\"cover-post nv-post-thumbnail-wrap\" style=\"content: url(https:\/\/chantier.cepbw.org\/wp-content\/uploads\/2021\/10\/logo_CEDDBW_square-550x550.jpg)\">\r\n\t\t\t\t<div class=\"inner\">\r\n\t\t\t\t\t<div class=\"excerpt-wrap entry-summary\">\r\n\t\t\t\t\t\t<p><p>La CEDDBW coordonne actuellement 39 Ecoles de Devoirs r\u00e9parties sur l\u2019ensemble de la province.<\/p>\n<\/p>\r\n\t\t\t\t\t<\/div>\r\n\t\t\t\t<\/div>\r\n\t\t\t<\/div>\r\n\t\t\t<\/a>\r\n\t\t<\/div>\r\n\t<\/div>\r\n<\/article><article id=\"post-360\" class=\"post-360 post type-membre col-md-3 col-6\">\r\n\t<div class=\"\">\r\n\t\t<div class=\"content square-responsive\">\r\n\t\t\t<a href=\"https:\/\/chantier.cepbw.org\/index.php\/membre\/corps-ecrits\/\" class=\"\" rel=\"bookmark\">\r\n\t\t\t<div class=\"cover-post nv-post-thumbnail-wrap\" style=\"content: url(https:\/\/chantier.cepbw.org\/wp-content\/uploads\/2021\/10\/logo_corps_ecrits_square-550x550.jpg)\">\r\n\t\t\t\t<div class=\"inner\">\r\n\t\t\t\t\t<div class=\"excerpt-wrap entry-summary\">\r\n\t\t\t\t\t\t<p><p>Aanalyse les questions de genres, familles et sexualit\u00e9s, en visant la r\u00e9appropriation de nos corps et de nos choix dans notre soci\u00e9t\u00e9 travers\u00e9e par les crises et les transitions.<\/p>\n<\/p>\r\n\t\t\t\t\t<\/div>\r\n\t\t\t\t<\/div>\r\n\t\t\t<\/div>\r\n\t\t\t<\/a>\r\n\t\t<\/div>\r\n\t<\/div>\r\n<\/article><article id=\"post-362\" class=\"post-362 post type-membre col-md-3 col-6\">\r\n\t<div class=\"\">\r\n\t\t<div class=\"content square-responsive\">\r\n\t\t\t<a href=\"https:\/\/chantier.cepbw.org\/index.php\/membre\/crabe-asbl\/\" class=\"\" rel=\"bookmark\">\r\n\t\t\t<div class=\"cover-post nv-post-thumbnail-wrap\" style=\"content: url(https:\/\/chantier.cepbw.org\/wp-content\/uploads\/2021\/10\/Crabe_Logo-couleurs-550x539.png)\">\r\n\t\t\t\t<div class=\"inner\">\r\n\t\t\t\t\t<div class=\"excerpt-wrap entry-summary\">\r\n\t\t\t\t\t\t<p><p>Coop\u00e9ration, Recherche, Animation en Brabant Wallon de l\u2019Est<\/p>\n<\/p>\r\n\t\t\t\t\t<\/div>\r\n\t\t\t\t<\/div>\r\n\t\t\t<\/div>\r\n\t\t\t<\/a>\r\n\t\t<\/div>\r\n\t<\/div>\r\n<\/article><article id=\"post-363\" class=\"post-363 post type-membre col-md-3 col-6\">\r\n\t<div class=\"\">\r\n\t\t<div class=\"content square-responsive\">\r\n\t\t\t<a href=\"https:\/\/chantier.cepbw.org\/index.php\/membre\/cribw-centre-regional-dintegration-du-brabant-wallon\/\" class=\"\" rel=\"bookmark\">\r\n\t\t\t<div class=\"cover-post nv-post-thumbnail-wrap\" style=\"content: url(https:\/\/chantier.cepbw.org\/wp-content\/uploads\/2021\/10\/Logo_CRIBW_square.jpg)\">\r\n\t\t\t\t<div class=\"inner\">\r\n\t\t\t\t\t<div class=\"excerpt-wrap entry-summary\">\r\n\t\t\t\t\t\t<p><p>Acteur de l\u2019int\u00e9gration depuis 2002, le CRIBW \u00e9volue sur la province dans une d\u00e9marche interculturelle et d\u2019aide \u00e0 l\u2019int\u00e9gration des personnes \u00e9trang\u00e8res.<\/p>\n<\/p>\r\n\t\t\t\t\t<\/div>\r\n\t\t\t\t<\/div>\r\n\t\t\t<\/div>\r\n\t\t\t<\/a>\r\n\t\t<\/div>\r\n\t<\/div>\r\n<\/article><article id=\"post-364\" class=\"post-364 post type-membre col-md-3 col-6\">\r\n\t<div class=\"\">\r\n\t\t<div class=\"content square-responsive\">\r\n\t\t\t<a href=\"https:\/\/chantier.cepbw.org\/index.php\/membre\/eneo-brabant-wallon\/\" class=\"\" rel=\"bookmark\">\r\n\t\t\t<div class=\"cover-post nv-post-thumbnail-wrap\" style=\"content: url(https:\/\/chantier.cepbw.org\/wp-content\/uploads\/2021\/10\/logo_eneo.jpg)\">\r\n\t\t\t\t<div class=\"inner\">\r\n\t\t\t\t\t<div class=\"excerpt-wrap entry-summary\">\r\n\t\t\t\t\t\t<p><p>Dans une soci\u00e9t\u00e9 en profonde mutation, o\u00f9 les rep\u00e8res sont chamboul\u00e9s, \u00c9n\u00e9o veut pr\u00e9ciser ses fondamentaux et les mettre en perspective avec les exigences actuelles et futures de ses membres.<\/p>\n<\/p>\r\n\t\t\t\t\t<\/div>\r\n\t\t\t\t<\/div>\r\n\t\t\t<\/div>\r\n\t\t\t<\/a>\r\n\t\t<\/div>\r\n\t<\/div>\r\n<\/article><article id=\"post-365\" class=\"post-365 post type-membre col-md-3 col-6\">\r\n\t<div class=\"\">\r\n\t\t<div class=\"content square-responsive\">\r\n\t\t\t<a href=\"https:\/\/chantier.cepbw.org\/index.php\/membre\/equipes-populaires-brabant-wallon-asbl\/\" class=\"\" rel=\"bookmark\">\r\n\t\t\t<div class=\"cover-post nv-post-thumbnail-wrap\" style=\"content: url(https:\/\/chantier.cepbw.org\/wp-content\/uploads\/2021\/10\/logo_EP-550x550.png)\">\r\n\t\t\t\t<div class=\"inner\">\r\n\t\t\t\t\t<div class=\"excerpt-wrap entry-summary\">\r\n\t\t\t\t\t\t<p><p>Les Equipes Populaires, un mouvement pour construire l\u2019\u00e9galit\u00e9; des citoyens actifs qui veulent se mettre en mouvement pour \u0153uvrer \u00e0 une soci\u00e9t\u00e9 d\u2019\u00e9galit\u00e9 et de justice sociale.<\/p>\n<\/p>\r\n\t\t\t\t\t<\/div>\r\n\t\t\t\t<\/div>\r\n\t\t\t<\/div>\r\n\t\t\t<\/a>\r\n\t\t<\/div>\r\n\t<\/div>\r\n<\/article><article id=\"post-694\" class=\"post-694 post type-membre col-md-3 col-6\">\r\n\t<div class=\"\">\r\n\t\t<div class=\"content square-responsive\">\r\n\t\t\t<a href=\"https:\/\/chantier.cepbw.org\/index.php\/membre\/financite\/\" class=\"\" rel=\"bookmark\">\r\n\t\t\t<div class=\"cover-post nv-post-thumbnail-wrap\" style=\"content: url(https:\/\/chantier.cepbw.org\/wp-content\/uploads\/2024\/07\/Financite-logo-550x550.png)\">\r\n\t\t\t\t<div class=\"inner\">\r\n\t\t\t\t\t<div class=\"excerpt-wrap entry-summary\">\r\n\t\t\t\t\t\t<p><\/p>\r\n\t\t\t\t\t<\/div>\r\n\t\t\t\t<\/div>\r\n\t\t\t<\/div>\r\n\t\t\t<\/a>\r\n\t\t<\/div>\r\n\t<\/div>\r\n<\/article><article id=\"post-367\" class=\"post-367 post type-membre col-md-3 col-6\">\r\n\t<div class=\"\">\r\n\t\t<div class=\"content square-responsive\">\r\n\t\t\t<a href=\"https:\/\/chantier.cepbw.org\/index.php\/membre\/formation-education-culture\/\" class=\"\" rel=\"bookmark\">\r\n\t\t\t<div class=\"cover-post nv-post-thumbnail-wrap\" style=\"content: url(https:\/\/chantier.cepbw.org\/wp-content\/uploads\/2021\/10\/logo_fec.jpg)\">\r\n\t\t\t\t<div class=\"inner\">\r\n\t\t\t\t\t<div class=\"excerpt-wrap entry-summary\">\r\n\t\t\t\t\t\t<p><p>La FEC est une association d\u2019\u00e9ducation permanente et de promotion socio-culturelle des travailleurs et des travailleuses, reconnue par la\u00a0F\u00e9d\u00e9ration Wallonie-Bruxelles.<\/p>\n<\/p>\r\n\t\t\t\t\t<\/div>\r\n\t\t\t\t<\/div>\r\n\t\t\t<\/div>\r\n\t\t\t<\/a>\r\n\t\t<\/div>\r\n\t<\/div>\r\n<\/article><article id=\"post-370\" class=\"post-370 post type-membre col-md-3 col-6\">\r\n\t<div class=\"\">\r\n\t\t<div class=\"content square-responsive\">\r\n\t\t\t<a href=\"https:\/\/chantier.cepbw.org\/index.php\/membre\/habitat-et-participation-asbl\/\" class=\"\" rel=\"bookmark\">\r\n\t\t\t<div class=\"cover-post nv-post-thumbnail-wrap\" style=\"content: url(https:\/\/chantier.cepbw.org\/wp-content\/uploads\/2021\/10\/logo_HP-550x550.jpg)\">\r\n\t\t\t\t<div class=\"inner\">\r\n\t\t\t\t\t<div class=\"excerpt-wrap entry-summary\">\r\n\t\t\t\t\t\t<p><p>Une vision de l\u2019habitat \u00ab\u00a0sur ses deux pieds\u00a0\u00bb : les aspects plus techniques de l\u2019habitat (urbanisme \u2013 architecture) devant rencontrer les aspects plus humains (sociologie \u2013 droit au logement \u2013 vivre ensemble).<\/p>\n<\/p>\r\n\t\t\t\t\t<\/div>\r\n\t\t\t\t<\/div>\r\n\t\t\t<\/div>\r\n\t\t\t<\/a>\r\n\t\t<\/div>\r\n\t<\/div>\r\n<\/article><article id=\"post-695\" class=\"post-695 post type-membre col-md-3 col-6\">\r\n\t<div class=\"\">\r\n\t\t<div class=\"content square-responsive\">\r\n\t\t\t<a href=\"https:\/\/chantier.cepbw.org\/index.php\/membre\/la-ligue-des-familles\/\" class=\"\" rel=\"bookmark\">\r\n\t\t\t<div class=\"cover-post nv-post-thumbnail-wrap\" style=\"content: url(https:\/\/chantier.cepbw.org\/wp-content\/uploads\/2024\/07\/Ligue-des-familles-logo-550x550.jpg)\">\r\n\t\t\t\t<div class=\"inner\">\r\n\t\t\t\t\t<div class=\"excerpt-wrap entry-summary\">\r\n\t\t\t\t\t\t<p><\/p>\r\n\t\t\t\t\t<\/div>\r\n\t\t\t\t<\/div>\r\n\t\t\t<\/div>\r\n\t\t\t<\/a>\r\n\t\t<\/div>\r\n\t<\/div>\r\n<\/article><article id=\"post-686\" class=\"post-686 post type-membre col-md-3 col-6\">\r\n\t<div class=\"\">\r\n\t\t<div class=\"content square-responsive\">\r\n\t\t\t<a href=\"https:\/\/chantier.cepbw.org\/index.php\/membre\/calbw\/\" class=\"\" rel=\"bookmark\">\r\n\t\t\t<div class=\"cover-post nv-post-thumbnail-wrap\" style=\"content: url(https:\/\/chantier.cepbw.org\/wp-content\/uploads\/2024\/07\/CALBW-carre-550x550.png)\">\r\n\t\t\t\t<div class=\"inner\">\r\n\t\t\t\t\t<div class=\"excerpt-wrap entry-summary\">\r\n\t\t\t\t\t\t<p><\/p>\r\n\t\t\t\t\t<\/div>\r\n\t\t\t\t<\/div>\r\n\t\t\t<\/div>\r\n\t\t\t<\/a>\r\n\t\t<\/div>\r\n\t<\/div>\r\n<\/article><article id=\"post-371\" class=\"post-371 post type-membre col-md-3 col-6\">\r\n\t<div class=\"\">\r\n\t\t<div class=\"content square-responsive\">\r\n\t\t\t<a href=\"https:\/\/chantier.cepbw.org\/index.php\/membre\/lire-et-ecrire-brabant-wallon-a-s-b-l\/\" class=\"\" rel=\"bookmark\">\r\n\t\t\t<div class=\"cover-post nv-post-thumbnail-wrap\" style=\"content: url(https:\/\/chantier.cepbw.org\/wp-content\/uploads\/2021\/10\/logo_lee-550x550.jpg)\">\r\n\t\t\t\t<div class=\"inner\">\r\n\t\t\t\t\t<div class=\"excerpt-wrap entry-summary\">\r\n\t\t\t\t\t\t<p><p>Lire et \u00c9crire Brabant wallon est cr\u00e9\u00e9\u00a01988 \u00e0 l\u2019initiative de plusieurs associations et mouvements d\u2019\u00e9ducation permanente du Brabant wallon qui d\u00e9cident d\u2019unir leurs forces pour lutter contre l\u2019analphab\u00e9tisme.<\/p>\n<\/p>\r\n\t\t\t\t\t<\/div>\r\n\t\t\t\t<\/div>\r\n\t\t\t<\/div>\r\n\t\t\t<\/a>\r\n\t\t<\/div>\r\n\t<\/div>\r\n<\/article><article id=\"post-372\" class=\"post-372 post type-membre col-md-3 col-6\">\r\n\t<div class=\"\">\r\n\t\t<div class=\"content square-responsive\">\r\n\t\t\t<a href=\"https:\/\/chantier.cepbw.org\/index.php\/membre\/oxfam-magasins-du-monde\/\" class=\"\" rel=\"bookmark\">\r\n\t\t\t<div class=\"cover-post nv-post-thumbnail-wrap\" style=\"content: url(https:\/\/chantier.cepbw.org\/wp-content\/uploads\/2021\/10\/logo_oxfam-550x550.jpg)\">\r\n\t\t\t\t<div class=\"inner\">\r\n\t\t\t\t\t<div class=\"excerpt-wrap entry-summary\">\r\n\t\t\t\t\t\t<p><p>Oxfam-Magasins du monde a \u00e9t\u00e9 cr\u00e9\u00e9e en 1976, peu apr\u00e8s son homologue flamand, pour d\u00e9velopper le commerce \u00e9quitable en Belgique.<\/p>\n<\/p>\r\n\t\t\t\t\t<\/div>\r\n\t\t\t\t<\/div>\r\n\t\t\t<\/div>\r\n\t\t\t<\/a>\r\n\t\t<\/div>\r\n\t<\/div>\r\n<\/article><article id=\"post-597\" class=\"post-597 post type-membre col-md-3 col-6\">\r\n\t<div class=\"\">\r\n\t\t<div class=\"content square-responsive\">\r\n\t\t\t<a href=\"https:\/\/chantier.cepbw.org\/index.php\/membre\/presence-et-action-culturelles-brabanconne\/\" class=\"\" rel=\"bookmark\">\r\n\t\t\t<div class=\"cover-post nv-post-thumbnail-wrap\" style=\"content: url(https:\/\/chantier.cepbw.org\/wp-content\/uploads\/2024\/07\/PAC-550x452.png)\">\r\n\t\t\t\t<div class=\"inner\">\r\n\t\t\t\t\t<div class=\"excerpt-wrap entry-summary\">\r\n\t\t\t\t\t\t<p><p>Pr\u00e9sence et Action Culturelles est un mouvement \u00e9cosocialiste d\u2019\u00c9ducation permanente et populaire reconnu par le Minist\u00e8re de la Culture de la F\u00e9d\u00e9ration Wallonie-Bruxelles.<\/p>\n<\/p>\r\n\t\t\t\t\t<\/div>\r\n\t\t\t\t<\/div>\r\n\t\t\t<\/div>\r\n\t\t\t<\/a>\r\n\t\t<\/div>\r\n\t<\/div>\r\n<\/article><article id=\"post-373\" class=\"post-373 post type-membre col-md-3 col-6\">\r\n\t<div class=\"\">\r\n\t\t<div class=\"content square-responsive\">\r\n\t\t\t<a href=\"https:\/\/chantier.cepbw.org\/index.php\/membre\/reseau-brabancon-pour-le-droit-au-logement-rbdl\/\" class=\"\" rel=\"bookmark\">\r\n\t\t\t<div class=\"cover-post nv-post-thumbnail-wrap\" style=\"content: url(https:\/\/chantier.cepbw.org\/wp-content\/uploads\/2021\/10\/logo_RBDL-550x550.jpeg)\">\r\n\t\t\t\t<div class=\"inner\">\r\n\t\t\t\t\t<div class=\"excerpt-wrap entry-summary\">\r\n\t\t\t\t\t\t<p><p>Le R\u00e9seau Braban\u00e7on pour le Droit au Logement agit pour l\u2019exercice du droit d\u2019habiter pour toutes et tous, comme un droit inali\u00e9nable.<\/p>\n<\/p>\r\n\t\t\t\t\t<\/div>\r\n\t\t\t\t<\/div>\r\n\t\t\t<\/div>\r\n\t\t\t<\/a>\r\n\t\t<\/div>\r\n\t<\/div>\r\n<\/article><article id=\"post-369\" class=\"post-369 post type-membre col-md-3 col-6\">\r\n\t<div class=\"\">\r\n\t\t<div class=\"content square-responsive\">\r\n\t\t\t<a href=\"https:\/\/chantier.cepbw.org\/index.php\/membre\/femmes-prevoyantes-socialistes-du-brabant-wallon\/\" class=\"\" rel=\"bookmark\">\r\n\t\t\t<div class=\"cover-post nv-post-thumbnail-wrap\" style=\"content: url(https:\/\/chantier.cepbw.org\/wp-content\/uploads\/2021\/10\/SORALIA-carre-550x550.jpg)\">\r\n\t\t\t\t<div class=\"inner\">\r\n\t\t\t\t\t<div class=\"excerpt-wrap entry-summary\">\r\n\t\t\t\t\t\t<p><p>Les FPS sont un mouvement f\u00e9ministe, progressiste, la\u00efque et mutualiste. Rche de 100 ans d\u2019existence et mobilisant chaque ann\u00e9e des milliers de personnes.<\/p>\n<\/p>\r\n\t\t\t\t\t<\/div>\r\n\t\t\t\t<\/div>\r\n\t\t\t<\/div>\r\n\t\t\t<\/a>\r\n\t\t<\/div>\r\n\t<\/div>\r\n<\/article><article id=\"post-374\" class=\"post-374 post type-membre col-md-3 col-6\">\r\n\t<div class=\"\">\r\n\t\t<div class=\"content square-responsive\">\r\n\t\t\t<a href=\"https:\/\/chantier.cepbw.org\/index.php\/membre\/vie-feminine-brabant-wallon\/\" class=\"\" rel=\"bookmark\">\r\n\t\t\t<div class=\"cover-post nv-post-thumbnail-wrap\" style=\"content: url(https:\/\/chantier.cepbw.org\/wp-content\/uploads\/2021\/10\/logo_VF-550x550.jpeg)\">\r\n\t\t\t\t<div class=\"inner\">\r\n\t\t\t\t\t<div class=\"excerpt-wrap entry-summary\">\r\n\t\t\t\t\t\t<p><p>Vie F\u00e9minine est un vaste r\u00e9seau regroupant des femmes de cultures et d\u2019\u00e2ges diff\u00e9rents, en Wallonie et \u00e0 Bruxelles<\/p>\n<\/p>\r\n\t\t\t\t\t<\/div>\r\n\t\t\t\t<\/div>\r\n\t\t\t<\/div>\r\n\t\t\t<\/a>\r\n\t\t<\/div>\r\n\t<\/div>\r\n<\/article><\/div>\n<div class=\"w-100\"><\/div>\n","protected":false},"excerpt":{"rendered":"","protected":false},"author":1,"featured_media":0,"parent":0,"menu_order":0,"comment_status":"closed","ping_status":"closed","template":"","meta":{"inline_featured_image":false,"advgb_blocks_editor_width":"","advgb_blocks_columns_visual_guide":"","neve_meta_sidebar":"full-width","neve_meta_container":"","neve_meta_enable_content_width":"on","neve_meta_content_width":100,"neve_meta_title_alignment":"","neve_meta_author_avatar":"","neve_post_elements_order":"","neve_meta_disable_header":"","neve_meta_disable_footer":"","neve_meta_disable_title":"","_themeisle_gutenberg_block_has_review":false,"footnotes":""},"class_list":["post-144","page","type-page","status-publish","hentry"],"coauthors":[],"author_meta":{"author_link":"https:\/\/chantier.cepbw.org\/index.php\/author\/agnez\/","display_name":"agnez"},"relative_dates":{"created":"Publi\u00e9 5 ans il y a","modified":"Mis \u00e0 jour 2 ans il y a"},"absolute_dates":{"created":"Publi\u00e9 le 8 septembre 2021","modified":"Mise \u00e0 jour le 23 juillet 2024"},"absolute_dates_time":{"created":"Publi\u00e9 le 8 septembre 2021 20h12","modified":"Mise \u00e0 jour le 23 juillet 2024 10h25"},"featured_img_caption":"","featured_img":false,"series_order":"","_links":{"self":[{"href":"https:\/\/chantier.cepbw.org\/index.php\/wp-json\/wp\/v2\/pages\/144","targetHints":{"allow":["GET"]}}],"collection":[{"href":"https:\/\/chantier.cepbw.org\/index.php\/wp-json\/wp\/v2\/pages"}],"about":[{"href":"https:\/\/chantier.cepbw.org\/index.php\/wp-json\/wp\/v2\/types\/page"}],"author":[{"embeddable":true,"href":"https:\/\/chantier.cepbw.org\/index.php\/wp-json\/wp\/v2\/users\/1"}],"replies":[{"embeddable":true,"href":"https:\/\/chantier.cepbw.org\/index.php\/wp-json\/wp\/v2\/comments?post=144"}],"version-history":[{"count":13,"href":"https:\/\/chantier.cepbw.org\/index.php\/wp-json\/wp\/v2\/pages\/144\/revisions"}],"predecessor-version":[{"id":727,"href":"https:\/\/chantier.cepbw.org\/index.php\/wp-json\/wp\/v2\/pages\/144\/revisions\/727"}],"wp:attachment":[{"href":"https:\/\/chantier.cepbw.org\/index.php\/wp-json\/wp\/v2\/media?parent=144"}],"curies":[{"name":"wp","href":"https:\/\/api.w.org\/{rel}","templated":true}]}}