{"id":45,"date":"2021-07-02T18:36:12","date_gmt":"2021-07-02T17:36:12","guid":{"rendered":"https:\/\/chantier.cepbw.org\/?page_id=45"},"modified":"2024-08-12T09:24:45","modified_gmt":"2024-08-12T08:24:45","slug":"nos-missions","status":"publish","type":"page","link":"https:\/\/chantier.cepbw.org\/","title":{"rendered":"Nos missions"},"content":{"rendered":"\n<p>La Coordination \u00c9ducation permanente Brabant wallon s\u2019est d\u00e9finie trois missions&nbsp;:<\/p>\n\n\n\n<ul class=\"wp-block-list\">\n<li>C\u2019est un lieu de rencontre et d\u2019\u00e9change d\u2019informations entre ses membres<\/li>\n\n\n\n<li>Elle permet la prise de positions communes<\/li>\n\n\n\n<li>Elle m\u00e8ne des actions communes<\/li>\n<\/ul>\n\n\n\n<p>Elle fonctionne \u00e0 la fois comme une \u00ab&nbsp;f\u00e9d\u00e9ration&nbsp;\u00bb activ\u00e9e par ses membres et au service de ceux-ci, et comme un collectif d\u2019action.<\/p>\n\n\n\n<p>Elle d\u00e9fend ses valeurs par la mise en \u0153uvre de projets communs. Elle vise \u00e0 augmenter la visibilit\u00e9 de l\u2019\u00e9ducation permanente en Brabant wallon.<\/p>\n\n\n\n<p> Elle centralise et finalise le dossier relatif au projet pluriannuel d\u2019\u00e9ducation permanente subventionn\u00e9 par le Brabant wallon dans le cadre de l\u2019appel \u00e0 projets d\u2019\u00e9ducation permanente. Ce projet est op\u00e9rationnalis\u00e9 par 23 associations et s\u2019intitule, pour la p\u00e9riode de 2019 \u00e0 2022&nbsp;: \u00ab&nbsp;<em>Actions coordonn\u00e9es pour l\u2019implication citoyenne sur l\u2019ensemble du territoire du brabant wallon<\/em>&nbsp;\u00bb<\/p>\n\n\n\n<p>A titre d&rsquo;exemple, voici une action men\u00e9e autour de la fracture num\u00e9rique.<\/p>\n\n\n\n<p align=\"center\"><iframe loading=\"lazy\" title=\"Le num\u00e9rique, humanit\u00e9 \u00e0 deux vitesses\" width=\"560\" height=\"315\" src=\"https:\/\/videos.domainepublic.net\/videos\/embed\/be78e40e-8a18-4933-9af9-19d7d7acf0e9\" frameborder=\"0\" allowfullscreen=\"\" sandbox=\"allow-same-origin allow-scripts allow-popups allow-forms\"><\/iframe><\/p>\n","protected":false},"excerpt":{"rendered":"<p>La Coordination \u00c9ducation permanente Brabant wallon s\u2019est d\u00e9finie trois missions&nbsp;: Elle fonctionne \u00e0 la fois comme une \u00ab&nbsp;f\u00e9d\u00e9ration&nbsp;\u00bb activ\u00e9e par ses membres et au service de ceux-ci, et comme un collectif d\u2019action. Elle d\u00e9fend ses valeurs par la mise en \u0153uvre de projets communs. Elle vise \u00e0 augmenter la visibilit\u00e9 de l\u2019\u00e9ducation permanente en Brabant&hellip;&nbsp;<a href=\"https:\/\/chantier.cepbw.org\/\" rel=\"bookmark\">Lire la suite &raquo;<span class=\"screen-reader-text\">Nos missions<\/span><\/a><\/p>\n","protected":false},"author":1,"featured_media":0,"parent":0,"menu_order":0,"comment_status":"closed","ping_status":"closed","template":"","meta":{"inline_featured_image":false,"advgb_blocks_editor_width":"","advgb_blocks_columns_visual_guide":"","neve_meta_sidebar":"full-width","neve_meta_container":"","neve_meta_enable_content_width":"on","neve_meta_content_width":100,"neve_meta_title_alignment":"","neve_meta_author_avatar":"","neve_post_elements_order":"","neve_meta_disable_header":"","neve_meta_disable_footer":"","neve_meta_disable_title":"","_themeisle_gutenberg_block_has_review":false,"footnotes":""},"class_list":["post-45","page","type-page","status-publish","hentry"],"coauthors":[],"author_meta":{"author_link":"https:\/\/chantier.cepbw.org\/index.php\/author\/agnez\/","display_name":"agnez"},"relative_dates":{"created":"Publi\u00e9 5 ans il y a","modified":"Mis \u00e0 jour 2 ans il y a"},"absolute_dates":{"created":"Publi\u00e9 le 2 juillet 2021","modified":"Mise \u00e0 jour le 12 ao\u00fbt 2024"},"absolute_dates_time":{"created":"Publi\u00e9 le 2 juillet 2021 18h36","modified":"Mise \u00e0 jour le 12 ao\u00fbt 2024 9h24"},"featured_img_caption":"","featured_img":false,"series_order":"","_links":{"self":[{"href":"https:\/\/chantier.cepbw.org\/index.php\/wp-json\/wp\/v2\/pages\/45","targetHints":{"allow":["GET"]}}],"collection":[{"href":"https:\/\/chantier.cepbw.org\/index.php\/wp-json\/wp\/v2\/pages"}],"about":[{"href":"https:\/\/chantier.cepbw.org\/index.php\/wp-json\/wp\/v2\/types\/page"}],"author":[{"embeddable":true,"href":"https:\/\/chantier.cepbw.org\/index.php\/wp-json\/wp\/v2\/users\/1"}],"replies":[{"embeddable":true,"href":"https:\/\/chantier.cepbw.org\/index.php\/wp-json\/wp\/v2\/comments?post=45"}],"version-history":[{"count":5,"href":"https:\/\/chantier.cepbw.org\/index.php\/wp-json\/wp\/v2\/pages\/45\/revisions"}],"predecessor-version":[{"id":738,"href":"https:\/\/chantier.cepbw.org\/index.php\/wp-json\/wp\/v2\/pages\/45\/revisions\/738"}],"wp:attachment":[{"href":"https:\/\/chantier.cepbw.org\/index.php\/wp-json\/wp\/v2\/media?parent=45"}],"curies":[{"name":"wp","href":"https:\/\/api.w.org\/{rel}","templated":true}]}}