{"id":47,"date":"2021-07-02T18:36:27","date_gmt":"2021-07-02T17:36:27","guid":{"rendered":"https:\/\/chantier.cepbw.org\/?page_id=47"},"modified":"2025-08-19T14:52:23","modified_gmt":"2025-08-19T13:52:23","slug":"nos-valeurs","status":"publish","type":"page","link":"https:\/\/chantier.cepbw.org\/index.php\/nos-valeurs\/","title":{"rendered":"Nos valeurs"},"content":{"rendered":"\n<p>Les 23 associations membres de la Coordination \u00c9ducation permanente Brabant wallon sont f\u00e9d\u00e9r\u00e9es autour de valeurs communes et partag\u00e9es.<\/p>\n\n\n\n<p><a><\/a> En priorit\u00e9, les valeurs d\u00e9finies par l\u2019article 1 du D\u00e9cret&nbsp;relatif au d\u00e9veloppement de l\u2019\u00e9ducation permanente dans le champ de la vie associative&nbsp;: \u00ab&nbsp;<em>Le pr\u00e9sent d\u00e9cret a pour objet le d\u00e9veloppement de l&rsquo;action d&rsquo;\u00e9ducation permanente dans le champ de la vie associative visant l&rsquo;analyse critique de la soci\u00e9t\u00e9, la stimulation d&rsquo;initiatives d\u00e9mocratiques et collectives, le d\u00e9veloppement de la citoyennet\u00e9 active et l&rsquo;exercice des droits civils et politiques, sociaux, \u00e9conomiques, culturels et environnementaux dans une perspective d&rsquo;\u00e9mancipation individuelle et collective des publics en privil\u00e9giant la participation active des publics vis\u00e9s et l&rsquo;expression culturelle<\/em>&nbsp;\u00bb<\/p>\n\n\n\n<p>Une des finalit\u00e9s de la coordination est de diffuser ces valeurs et d\u2019influencer la vie associative au regard de ces valeurs. Dans ce contexte, elle d\u00e9veloppe des relations de coop\u00e9ration, y compris avec d\u2019autres partenaires que ses membres. Elle entend d\u00e8s lors peser sur les orientations de certains secteurs dans lesquelles les associations sont actives et engag\u00e9es.<\/p>\n\n\n\n<p>Les membres partagent \u00e9galement, tant au sein de leurs organismes que dans la Coordination, les valeurs fondamentales d\u2019\u00e9mancipation, de d\u00e9mocratie, de justice et d\u2019\u00e9galit\u00e9 sociales. Le Brabant wallon est l\u2019espace politique destinataires des actions de la Coordination.<\/p>\n","protected":false},"excerpt":{"rendered":"<p>Les 23 associations membres de la Coordination \u00c9ducation permanente Brabant wallon sont f\u00e9d\u00e9r\u00e9es autour de valeurs communes et partag\u00e9es. En priorit\u00e9, les valeurs d\u00e9finies par l\u2019article 1 du D\u00e9cret&nbsp;relatif au d\u00e9veloppement de l\u2019\u00e9ducation permanente dans le champ de la vie associative&nbsp;: \u00ab&nbsp;Le pr\u00e9sent d\u00e9cret a pour objet le d\u00e9veloppement de l&rsquo;action d&rsquo;\u00e9ducation permanente dans le&hellip;&nbsp;<a href=\"https:\/\/chantier.cepbw.org\/index.php\/nos-valeurs\/\" rel=\"bookmark\">Lire la suite &raquo;<span class=\"screen-reader-text\">Nos valeurs<\/span><\/a><\/p>\n","protected":false},"author":1,"featured_media":0,"parent":0,"menu_order":0,"comment_status":"closed","ping_status":"closed","template":"","meta":{"inline_featured_image":false,"advgb_blocks_editor_width":"","advgb_blocks_columns_visual_guide":"","neve_meta_sidebar":"full-width","neve_meta_container":"","neve_meta_enable_content_width":"on","neve_meta_content_width":100,"neve_meta_title_alignment":"","neve_meta_author_avatar":"","neve_post_elements_order":"","neve_meta_disable_header":"","neve_meta_disable_footer":"","neve_meta_disable_title":"","_themeisle_gutenberg_block_has_review":false,"footnotes":""},"class_list":["post-47","page","type-page","status-publish","hentry"],"coauthors":[],"author_meta":{"author_link":"https:\/\/chantier.cepbw.org\/index.php\/author\/agnez\/","display_name":"agnez"},"relative_dates":{"created":"Publi\u00e9 5 ans il y a","modified":"Mis \u00e0 jour 8 mois il y a"},"absolute_dates":{"created":"Publi\u00e9 le 2 juillet 2021","modified":"Mise \u00e0 jour le 19 ao\u00fbt 2025"},"absolute_dates_time":{"created":"Publi\u00e9 le 2 juillet 2021 18h36","modified":"Mise \u00e0 jour le 19 ao\u00fbt 2025 14h52"},"featured_img_caption":"","featured_img":false,"series_order":"","_links":{"self":[{"href":"https:\/\/chantier.cepbw.org\/index.php\/wp-json\/wp\/v2\/pages\/47","targetHints":{"allow":["GET"]}}],"collection":[{"href":"https:\/\/chantier.cepbw.org\/index.php\/wp-json\/wp\/v2\/pages"}],"about":[{"href":"https:\/\/chantier.cepbw.org\/index.php\/wp-json\/wp\/v2\/types\/page"}],"author":[{"embeddable":true,"href":"https:\/\/chantier.cepbw.org\/index.php\/wp-json\/wp\/v2\/users\/1"}],"replies":[{"embeddable":true,"href":"https:\/\/chantier.cepbw.org\/index.php\/wp-json\/wp\/v2\/comments?post=47"}],"version-history":[{"count":3,"href":"https:\/\/chantier.cepbw.org\/index.php\/wp-json\/wp\/v2\/pages\/47\/revisions"}],"predecessor-version":[{"id":754,"href":"https:\/\/chantier.cepbw.org\/index.php\/wp-json\/wp\/v2\/pages\/47\/revisions\/754"}],"wp:attachment":[{"href":"https:\/\/chantier.cepbw.org\/index.php\/wp-json\/wp\/v2\/media?parent=47"}],"curies":[{"name":"wp","href":"https:\/\/api.w.org\/{rel}","templated":true}]}}