{"id":49,"date":"2021-07-02T18:36:47","date_gmt":"2021-07-02T17:36:47","guid":{"rendered":"https:\/\/chantier.cepbw.org\/?page_id=49"},"modified":"2025-08-19T14:44:35","modified_gmt":"2025-08-19T13:44:35","slug":"notre-structure","status":"publish","type":"page","link":"https:\/\/chantier.cepbw.org\/index.php\/notre-structure\/","title":{"rendered":"La structure de la Coordination"},"content":{"rendered":"\n<p>La Coordination \u00c9ducation permanente Brabant wallon articule son fonctionnement autour de r\u00e9unions pl\u00e9ni\u00e8res qui ont lieu toutes les 6 semaines (sauf en juillet et en ao\u00fbt) pour lesquelles ses 24 associations membres sont syst\u00e9matiquement invit\u00e9es. Ce sont ces r\u00e9unions qui sont l\u2019espace d\u00e9cisionnel souverain de la Coordination.<\/p>\n\n\n\n<p>En fonction des th\u00e9matiques trait\u00e9es, la pl\u00e9ni\u00e8re peut d\u00e9l\u00e9guer la pr\u00e9paration des sujets \u00e0 des groupes de travail compos\u00e9s de certain\u00b7e\u00b7s de ses membres, du\/de la charg\u00e9\u00b7e de projets et, le cas \u00e9ch\u00e9ant, de membres externes. Les d\u00e9cisions restant du ressort de cette pl\u00e9ni\u00e8re.<\/p>\n\n\n\n<p>La pl\u00e9ni\u00e8re peut \u00e9galement recevoir des personnes externes pour b\u00e9n\u00e9ficier de leur expertise, de leur \u00e9clairage, de propositions de collaborations ou d\u2019informations.<\/p>\n\n\n\n<p>Le Centre culturel du Brabant wallon (CCBW) met \u00e0 disposition de la Coordination un\u00b7e charg\u00e9\u00b7e de projets qui anime les r\u00e9unions, en assure le secr\u00e9tariat, veille au suivi des d\u00e9cisions et \u00e0 leur op\u00e9rationnalisation concr\u00e8te. Le CCBW peut \u00e9galement apporter des soutiens logistiques, techniques, en termes de communication ou autres.<\/p>\n\n\n\n<p>Les apports et sp\u00e9cificit\u00e9s de chacun des membres aux objectifs et projets communs constituent \u00e9galement un \u00e9l\u00e9ment primordial du fonctionnement et de la r\u00e9alisation des projets.<\/p>\n\n\n\n<p>Un trio de copr\u00e9sidence, choisi en prenant en compte un \u00e9quilibre de genre et d\u2019ob\u00e9diences philosophiques et politiques, assure, avec lea charg\u00e9\u00b7e de projets, le suivi au quotidien et les relations externes.<\/p>\n\n\n\n<p>Charg\u00e9e de projets&nbsp;: <a href=\"c.mampaey@ccbw.be\">Coralie Mampaey<\/a><\/p>\n","protected":false},"excerpt":{"rendered":"<p>La Coordination \u00c9ducation permanente Brabant wallon articule son fonctionnement autour de r\u00e9unions pl\u00e9ni\u00e8res qui ont lieu toutes les 6 semaines (sauf en juillet et en ao\u00fbt) pour lesquelles ses 24 associations membres sont syst\u00e9matiquement invit\u00e9es. Ce sont ces r\u00e9unions qui sont l\u2019espace d\u00e9cisionnel souverain de la Coordination. En fonction des th\u00e9matiques trait\u00e9es, la pl\u00e9ni\u00e8re peut&hellip;&nbsp;<a href=\"https:\/\/chantier.cepbw.org\/index.php\/notre-structure\/\" rel=\"bookmark\">Lire la suite &raquo;<span class=\"screen-reader-text\">La structure de la Coordination<\/span><\/a><\/p>\n","protected":false},"author":1,"featured_media":0,"parent":0,"menu_order":0,"comment_status":"closed","ping_status":"closed","template":"","meta":{"inline_featured_image":false,"advgb_blocks_editor_width":"","advgb_blocks_columns_visual_guide":"","neve_meta_sidebar":"full-width","neve_meta_container":"","neve_meta_enable_content_width":"on","neve_meta_content_width":100,"neve_meta_title_alignment":"","neve_meta_author_avatar":"","neve_post_elements_order":"","neve_meta_disable_header":"","neve_meta_disable_footer":"","neve_meta_disable_title":"","_themeisle_gutenberg_block_has_review":false,"footnotes":""},"class_list":["post-49","page","type-page","status-publish","hentry"],"coauthors":[],"author_meta":{"author_link":"https:\/\/chantier.cepbw.org\/index.php\/author\/agnez\/","display_name":"agnez"},"relative_dates":{"created":"Publi\u00e9 5 ans il y a","modified":"Mis \u00e0 jour 8 mois il y a"},"absolute_dates":{"created":"Publi\u00e9 le 2 juillet 2021","modified":"Mise \u00e0 jour le 19 ao\u00fbt 2025"},"absolute_dates_time":{"created":"Publi\u00e9 le 2 juillet 2021 18h36","modified":"Mise \u00e0 jour le 19 ao\u00fbt 2025 14h44"},"featured_img_caption":"","featured_img":false,"series_order":"","_links":{"self":[{"href":"https:\/\/chantier.cepbw.org\/index.php\/wp-json\/wp\/v2\/pages\/49","targetHints":{"allow":["GET"]}}],"collection":[{"href":"https:\/\/chantier.cepbw.org\/index.php\/wp-json\/wp\/v2\/pages"}],"about":[{"href":"https:\/\/chantier.cepbw.org\/index.php\/wp-json\/wp\/v2\/types\/page"}],"author":[{"embeddable":true,"href":"https:\/\/chantier.cepbw.org\/index.php\/wp-json\/wp\/v2\/users\/1"}],"replies":[{"embeddable":true,"href":"https:\/\/chantier.cepbw.org\/index.php\/wp-json\/wp\/v2\/comments?post=49"}],"version-history":[{"count":7,"href":"https:\/\/chantier.cepbw.org\/index.php\/wp-json\/wp\/v2\/pages\/49\/revisions"}],"predecessor-version":[{"id":753,"href":"https:\/\/chantier.cepbw.org\/index.php\/wp-json\/wp\/v2\/pages\/49\/revisions\/753"}],"wp:attachment":[{"href":"https:\/\/chantier.cepbw.org\/index.php\/wp-json\/wp\/v2\/media?parent=49"}],"curies":[{"name":"wp","href":"https:\/\/api.w.org\/{rel}","templated":true}]}}