{"id":562,"date":"2022-02-08T17:26:38","date_gmt":"2022-02-08T16:26:38","guid":{"rendered":"https:\/\/chantier.cepbw.org\/?page_id=562"},"modified":"2022-02-08T17:33:39","modified_gmt":"2022-02-08T16:33:39","slug":"devenir-membre-de-la-coordination","status":"publish","type":"page","link":"https:\/\/chantier.cepbw.org\/index.php\/membres\/devenir-membre-de-la-coordination\/","title":{"rendered":"Devenir membre de la Coordination"},"content":{"rendered":"\n<p>Les associations qui d\u00e9fendent l\u2019article 1<sup>er<\/sup> du D\u00e9cret relatif au d\u00e9veloppement de l\u2019\u00e9ducation permanente dans le champ de la vie associative&nbsp;peuvent \u00eatre membres de la Coordination \u00c9ducation permanente Brabant wallon.<\/p>\n\n\n\n<p>La Coordination r\u00e9unit des membres implant\u00e9s sur le territoire et qui s\u2019engagent \u00e0 y d\u00e9velopper des actions d\u2019\u00e9ducation permanente dans le champ de la vie associative.<\/p>\n\n\n\n<p>Il n\u2019y a donc d\u2019exigence de reconnaissance en \u00e9ducation permanente par la F\u00e9d\u00e9ration Wallonie-Bruxelles ou par un autre pouvoir public, ou de statut l\u00e9gal sp\u00e9cifique.<\/p>\n\n\n\n<p>Tout nouveau membre peut \u00eatre accueilli&nbsp;:<\/p>\n\n\n\n<ul class=\"wp-block-list\"><li>S\u2019il respecte l\u2019article 1er du d\u00e9cret<\/li><li>S\u2019il est actif et implant\u00e9 en BW<\/li><li>S\u2019il r\u00e9pond aux 4 questions&nbsp;suivantes :<ul><li>De quelle mani\u00e8re l\u2019association entend-elle d\u00e9fendre ou promouvoir le d\u00e9veloppement de l\u2019action associative<\/li><li>De quel point de vue critique l\u2019association est-elle porteuse sur la soci\u00e9t\u00e9<\/li><li>Quel est \/ quels sont les effets et impacts que l\u2019association cherche \u00e9ventuellement \u00e0 produire et\/ou \u00e0 susciter \u00e0 partir de ses actions et vers quels destinataires&nbsp;?<\/li><li>Quel est le r\u00f4le de l\u2019association dans le d\u00e9veloppement de l\u2019action d\u2019\u00e9ducation permanente<\/li><\/ul><\/li><li>S\u2019il adh\u00e8re aux valeurs et missions de la Coordination \u00c9ducation permanente Brabant wallon<\/li><li>Si la d\u00e9cision est prise \u00e0 4\/5 des membres pr\u00e9sents lors de la r\u00e9union pl\u00e9ni\u00e8re mensuelle<\/li><\/ul>\n\n\n\n<div class=\"wp-block-themeisle-blocks-advanced-columns has-0-columns has-desktop-undefined-layout has-tablet-equal-layout has-mobile-equal-layout has-default-gap has-vertical-unset\" id=\"wp-block-themeisle-blocks-advanced-columns-9159755c\"><div class=\"wp-block-themeisle-blocks-advanced-columns-overlay\"><\/div><div class=\"innerblocks-wrap\"><\/div><\/div>\n","protected":false},"excerpt":{"rendered":"<p>Les associations qui d\u00e9fendent l\u2019article 1er du D\u00e9cret relatif au d\u00e9veloppement de l\u2019\u00e9ducation permanente dans le champ de la vie associative&nbsp;peuvent \u00eatre membres de la Coordination \u00c9ducation permanente Brabant wallon. La Coordination r\u00e9unit des membres implant\u00e9s sur le territoire et qui s\u2019engagent \u00e0 y d\u00e9velopper des actions d\u2019\u00e9ducation permanente dans le champ de la vie&hellip;&nbsp;<a href=\"https:\/\/chantier.cepbw.org\/index.php\/membres\/devenir-membre-de-la-coordination\/\" rel=\"bookmark\">Lire la suite &raquo;<span class=\"screen-reader-text\">Devenir membre de la Coordination<\/span><\/a><\/p>\n","protected":false},"author":1,"featured_media":0,"parent":144,"menu_order":0,"comment_status":"closed","ping_status":"closed","template":"","meta":{"inline_featured_image":false,"advgb_blocks_editor_width":"","advgb_blocks_columns_visual_guide":"","neve_meta_sidebar":"full-width","neve_meta_container":"","neve_meta_enable_content_width":"on","neve_meta_content_width":100,"neve_meta_title_alignment":"","neve_meta_author_avatar":"","neve_post_elements_order":"","neve_meta_disable_header":"","neve_meta_disable_footer":"","neve_meta_disable_title":"","_themeisle_gutenberg_block_has_review":false,"footnotes":""},"class_list":["post-562","page","type-page","status-publish","hentry"],"coauthors":[],"author_meta":{"author_link":"https:\/\/chantier.cepbw.org\/index.php\/author\/agnez\/","display_name":"agnez"},"relative_dates":{"created":"Publi\u00e9 4 ans il y a","modified":"Mis \u00e0 jour 4 ans il y a"},"absolute_dates":{"created":"Publi\u00e9 le 8 f\u00e9vrier 2022","modified":"Mise \u00e0 jour le 8 f\u00e9vrier 2022"},"absolute_dates_time":{"created":"Publi\u00e9 le 8 f\u00e9vrier 2022 17h26","modified":"Mise \u00e0 jour le 8 f\u00e9vrier 2022 17h33"},"featured_img_caption":"","featured_img":false,"series_order":"","_links":{"self":[{"href":"https:\/\/chantier.cepbw.org\/index.php\/wp-json\/wp\/v2\/pages\/562","targetHints":{"allow":["GET"]}}],"collection":[{"href":"https:\/\/chantier.cepbw.org\/index.php\/wp-json\/wp\/v2\/pages"}],"about":[{"href":"https:\/\/chantier.cepbw.org\/index.php\/wp-json\/wp\/v2\/types\/page"}],"author":[{"embeddable":true,"href":"https:\/\/chantier.cepbw.org\/index.php\/wp-json\/wp\/v2\/users\/1"}],"replies":[{"embeddable":true,"href":"https:\/\/chantier.cepbw.org\/index.php\/wp-json\/wp\/v2\/comments?post=562"}],"version-history":[{"count":3,"href":"https:\/\/chantier.cepbw.org\/index.php\/wp-json\/wp\/v2\/pages\/562\/revisions"}],"predecessor-version":[{"id":565,"href":"https:\/\/chantier.cepbw.org\/index.php\/wp-json\/wp\/v2\/pages\/562\/revisions\/565"}],"up":[{"embeddable":true,"href":"https:\/\/chantier.cepbw.org\/index.php\/wp-json\/wp\/v2\/pages\/144"}],"wp:attachment":[{"href":"https:\/\/chantier.cepbw.org\/index.php\/wp-json\/wp\/v2\/media?parent=562"}],"curies":[{"name":"wp","href":"https:\/\/api.w.org\/{rel}","templated":true}]}}