{"id":611,"date":"2024-07-16T11:57:59","date_gmt":"2024-07-16T10:57:59","guid":{"rendered":"https:\/\/chantier.cepbw.org\/?page_id=611"},"modified":"2024-07-16T11:57:59","modified_gmt":"2024-07-16T10:57:59","slug":"nous-contacter","status":"publish","type":"page","link":"https:\/\/chantier.cepbw.org\/index.php\/nous-contacter\/","title":{"rendered":"Nous contacter"},"content":{"rendered":"<div class=\"wpforms-container wpforms-container-full wpforms-block wpforms-block-e1fd94a7-1c4e-4e12-bb42-f59ca73bb838\" id=\"wpforms-135\"><form id=\"wpforms-form-135\" class=\"wpforms-validate wpforms-form\" data-formid=\"135\" method=\"post\" enctype=\"multipart\/form-data\" action=\"\/index.php\/wp-json\/wp\/v2\/pages\/611\" data-token=\"9fd78cff19197fe3e2bae8103ca271ec\" data-token-time=\"1776516360\"><noscript class=\"wpforms-error-noscript\">Veuillez activer JavaScript dans votre navigateur pour remplir ce formulaire.<\/noscript><div class=\"wpforms-field-container\"><div id=\"wpforms-135-field_0-container\" class=\"wpforms-field wpforms-field-name\" data-field-id=\"0\"><label class=\"wpforms-field-label\" for=\"wpforms-135-field_0\">Pr\u00e9nom et nom <span class=\"wpforms-required-label\">*<\/span><\/label><input type=\"text\" id=\"wpforms-135-field_0\" class=\"wpforms-field-medium wpforms-field-required\" name=\"wpforms[fields][0]\" required><\/div><div id=\"wpforms-135-field_1-container\" class=\"wpforms-field wpforms-field-email\" data-field-id=\"1\"><label class=\"wpforms-field-label\" for=\"wpforms-135-field_1\">E-mail <span class=\"wpforms-required-label\">*<\/span><\/label><input type=\"email\" id=\"wpforms-135-field_1\" class=\"wpforms-field-medium wpforms-field-required\" name=\"wpforms[fields][1]\" spellcheck=\"false\" required><\/div><div id=\"wpforms-135-field_2-container\" class=\"wpforms-field wpforms-field-textarea\" data-field-id=\"2\"><label class=\"wpforms-field-label\" for=\"wpforms-135-field_2\">Commentaire ou message <span class=\"wpforms-required-label\">*<\/span><\/label><textarea id=\"wpforms-135-field_2\" class=\"wpforms-field-medium wpforms-field-required\" name=\"wpforms[fields][2]\" required><\/textarea><\/div><\/div><!-- .wpforms-field-container --><div class=\"wpforms-submit-container\" ><input type=\"hidden\" name=\"wpforms[id]\" value=\"135\"><input type=\"hidden\" name=\"page_title\" value=\"\"><input type=\"hidden\" name=\"page_url\" value=\"https:\/\/chantier.cepbw.org\/index.php\/wp-json\/wp\/v2\/pages\/611\"><input type=\"hidden\" name=\"url_referer\" value=\"\"><button type=\"submit\" name=\"wpforms[submit]\" id=\"wpforms-submit-135\" class=\"wpforms-submit\" data-alt-text=\"Envoi...\" data-submit-text=\"Envoyer\" aria-live=\"assertive\" value=\"wpforms-submit\">Envoyer<\/button><\/div><\/form><\/div>  <!-- .wpforms-container -->","protected":false},"excerpt":{"rendered":"","protected":false},"author":2,"featured_media":0,"parent":0,"menu_order":0,"comment_status":"closed","ping_status":"closed","template":"","meta":{"inline_featured_image":false,"advgb_blocks_editor_width":"","advgb_blocks_columns_visual_guide":"","neve_meta_sidebar":"","neve_meta_container":"","neve_meta_enable_content_width":"","neve_meta_content_width":0,"neve_meta_title_alignment":"","neve_meta_author_avatar":"","neve_post_elements_order":"","neve_meta_disable_header":"","neve_meta_disable_footer":"","neve_meta_disable_title":"","_themeisle_gutenberg_block_has_review":false,"footnotes":""},"class_list":["post-611","page","type-page","status-publish","hentry"],"coauthors":[],"author_meta":{"author_link":"https:\/\/chantier.cepbw.org\/index.php\/author\/d-hassoun\/","display_name":"David Hassoun"},"relative_dates":{"created":"Publi\u00e9 2 ans il y a","modified":"Mis \u00e0 jour 2 ans il y a"},"absolute_dates":{"created":"Publi\u00e9 le 16 juillet 2024","modified":"Mise \u00e0 jour le 16 juillet 2024"},"absolute_dates_time":{"created":"Publi\u00e9 le 16 juillet 2024 11h57","modified":"Mise \u00e0 jour le 16 juillet 2024 11h57"},"featured_img_caption":"","featured_img":false,"series_order":"","_links":{"self":[{"href":"https:\/\/chantier.cepbw.org\/index.php\/wp-json\/wp\/v2\/pages\/611","targetHints":{"allow":["GET"]}}],"collection":[{"href":"https:\/\/chantier.cepbw.org\/index.php\/wp-json\/wp\/v2\/pages"}],"about":[{"href":"https:\/\/chantier.cepbw.org\/index.php\/wp-json\/wp\/v2\/types\/page"}],"author":[{"embeddable":true,"href":"https:\/\/chantier.cepbw.org\/index.php\/wp-json\/wp\/v2\/users\/2"}],"replies":[{"embeddable":true,"href":"https:\/\/chantier.cepbw.org\/index.php\/wp-json\/wp\/v2\/comments?post=611"}],"version-history":[{"count":1,"href":"https:\/\/chantier.cepbw.org\/index.php\/wp-json\/wp\/v2\/pages\/611\/revisions"}],"predecessor-version":[{"id":613,"href":"https:\/\/chantier.cepbw.org\/index.php\/wp-json\/wp\/v2\/pages\/611\/revisions\/613"}],"wp:attachment":[{"href":"https:\/\/chantier.cepbw.org\/index.php\/wp-json\/wp\/v2\/media?parent=611"}],"curies":[{"name":"wp","href":"https:\/\/api.w.org\/{rel}","templated":true}]}}